{"id":368,"date":"2025-12-11T15:07:43","date_gmt":"2025-12-11T15:07:43","guid":{"rendered":"https:\/\/varelas.com.br\/?page_id=368"},"modified":"2026-03-10T15:05:06","modified_gmt":"2026-03-10T15:05:06","slug":"newsletter","status":"publish","type":"page","link":"https:\/\/varelas.com.br\/index.php\/newsletter\/","title":{"rendered":"Newsletter"},"content":{"rendered":"\t\t<div data-elementor-type=\"wp-page\" data-elementor-id=\"368\" class=\"elementor elementor-368\" data-elementor-post-type=\"page\">\n\t\t\t\t<div class=\"elementor-element elementor-element-1adde85d e-flex e-con-boxed e-con e-parent\" data-id=\"1adde85d\" data-element_type=\"container\" data-e-type=\"container\" data-settings=\"{&quot;background_background&quot;:&quot;classic&quot;,&quot;background_motion_fx_motion_fx_scrolling&quot;:&quot;yes&quot;,&quot;background_motion_fx_translateY_effect&quot;:&quot;yes&quot;,&quot;background_motion_fx_translateY_direction&quot;:&quot;negative&quot;,&quot;background_motion_fx_translateY_speed&quot;:{&quot;unit&quot;:&quot;px&quot;,&quot;size&quot;:7,&quot;sizes&quot;:[]},&quot;background_motion_fx_devices&quot;:[&quot;desktop&quot;,&quot;tablet&quot;],&quot;background_motion_fx_range&quot;:&quot;viewport&quot;,&quot;background_motion_fx_translateY_affectedRange&quot;:{&quot;unit&quot;:&quot;%&quot;,&quot;size&quot;:&quot;&quot;,&quot;sizes&quot;:{&quot;start&quot;:0,&quot;end&quot;:100}}}\">\n\t\t\t\t\t<div class=\"e-con-inner\">\n\t\t<div class=\"elementor-element elementor-element-572ee30b e-con-full e-flex e-con e-child\" data-id=\"572ee30b\" data-element_type=\"container\" data-e-type=\"container\">\n\t\t\t\t<\/div>\n\t\t\t\t\t<\/div>\n\t\t\t\t<\/div>\n\t\t<div class=\"elementor-element elementor-element-7daead92 e-flex e-con-boxed e-con e-parent\" data-id=\"7daead92\" data-element_type=\"container\" data-e-type=\"container\">\n\t\t\t\t\t<div class=\"e-con-inner\">\n\t\t\t\t<div class=\"elementor-element elementor-element-1ff0e93 elementor-posts--align-center elementor-grid-3 elementor-grid-tablet-2 elementor-grid-mobile-1 elementor-posts--thumbnail-top elementor-card-shadow-yes elementor-posts__hover-gradient elementor-widget elementor-widget-posts\" data-id=\"1ff0e93\" data-element_type=\"widget\" data-e-type=\"widget\" data-settings=\"{&quot;pagination_type&quot;:&quot;prev_next&quot;,&quot;cards_columns&quot;:&quot;3&quot;,&quot;cards_columns_tablet&quot;:&quot;2&quot;,&quot;cards_columns_mobile&quot;:&quot;1&quot;,&quot;cards_row_gap&quot;:{&quot;unit&quot;:&quot;px&quot;,&quot;size&quot;:35,&quot;sizes&quot;:[]},&quot;cards_row_gap_tablet&quot;:{&quot;unit&quot;:&quot;px&quot;,&quot;size&quot;:&quot;&quot;,&quot;sizes&quot;:[]},&quot;cards_row_gap_mobile&quot;:{&quot;unit&quot;:&quot;px&quot;,&quot;size&quot;:&quot;&quot;,&quot;sizes&quot;:[]}}\" data-widget_type=\"posts.cards\">\n\t\t\t\t<div class=\"elementor-widget-container\">\n\t\t\t\t\t\t\t<div class=\"elementor-posts-container elementor-posts elementor-posts--skin-cards elementor-grid\" role=\"list\">\n\t\t\t\t<article class=\"elementor-post elementor-grid-item post-647 post type-post status-publish format-standard has-post-thumbnail hentry category-uncategorized\" role=\"listitem\">\n\t\t\t<div class=\"elementor-post__card\">\n\t\t\t\t<a class=\"elementor-post__thumbnail__link\" href=\"https:\/\/varelas.com.br\/index.php\/2026\/03\/10\/seu-negocio-nao-tem-a-marca-registrada-ela-pode-estar-sob-risco\/\" tabindex=\"-1\" ><div class=\"elementor-post__thumbnail\"><img fetchpriority=\"high\" decoding=\"async\" width=\"300\" height=\"200\" src=\"https:\/\/varelas.com.br\/wp-content\/uploads\/2026\/03\/202603-noticias_registro-marca-300x200.jpg\" class=\"attachment-medium size-medium wp-image-648\" alt=\"\" srcset=\"https:\/\/varelas.com.br\/wp-content\/uploads\/2026\/03\/202603-noticias_registro-marca-300x200.jpg 300w, https:\/\/varelas.com.br\/wp-content\/uploads\/2026\/03\/202603-noticias_registro-marca-1024x683.jpg 1024w, https:\/\/varelas.com.br\/wp-content\/uploads\/2026\/03\/202603-noticias_registro-marca-768x512.jpg 768w, https:\/\/varelas.com.br\/wp-content\/uploads\/2026\/03\/202603-noticias_registro-marca.jpg 1500w\" sizes=\"(max-width: 300px) 100vw, 300px\" \/><\/div><\/a>\n\t\t\t\t<div class=\"elementor-post__text\">\n\t\t\t\t<h3 class=\"elementor-post__title\">\n\t\t\t<a href=\"https:\/\/varelas.com.br\/index.php\/2026\/03\/10\/seu-negocio-nao-tem-a-marca-registrada-ela-pode-estar-sob-risco\/\" >\n\t\t\t\tSeu neg\u00f3cio n\u00e3o tem a marca registrada? Ela pode estar sob risco!\t\t\t<\/a>\n\t\t<\/h3>\n\t\t\t\t\t<div class=\"elementor-post__read-more-wrapper\">\n\t\t\n\t\t<a class=\"elementor-post__read-more\" href=\"https:\/\/varelas.com.br\/index.php\/2026\/03\/10\/seu-negocio-nao-tem-a-marca-registrada-ela-pode-estar-sob-risco\/\" aria-label=\"Leia mais sobre Seu neg\u00f3cio n\u00e3o tem a marca registrada? Ela pode estar sob risco!\" tabindex=\"-1\" >\n\t\t\tLeia mais \u00bb\t\t<\/a>\n\n\t\t\t\t\t<\/div>\n\t\t\t\t<\/div>\n\t\t\t\t\t<\/div>\n\t\t<\/article>\n\t\t\t\t<article class=\"elementor-post elementor-grid-item post-641 post type-post status-publish format-standard has-post-thumbnail hentry category-uncategorized\" role=\"listitem\">\n\t\t\t<div class=\"elementor-post__card\">\n\t\t\t\t<a class=\"elementor-post__thumbnail__link\" href=\"https:\/\/varelas.com.br\/index.php\/2026\/03\/10\/transacao-tributaria-fique-atento-e-consiga-ate-30-de-reducao-de-dividas-ativas-da-uniao\/\" tabindex=\"-1\" ><div class=\"elementor-post__thumbnail\"><img decoding=\"async\" width=\"300\" height=\"200\" src=\"https:\/\/varelas.com.br\/wp-content\/uploads\/2026\/03\/202603-noticias_transacao-tributaria-300x200.jpg\" class=\"attachment-medium size-medium wp-image-642\" alt=\"\" srcset=\"https:\/\/varelas.com.br\/wp-content\/uploads\/2026\/03\/202603-noticias_transacao-tributaria-300x200.jpg 300w, https:\/\/varelas.com.br\/wp-content\/uploads\/2026\/03\/202603-noticias_transacao-tributaria-1024x683.jpg 1024w, https:\/\/varelas.com.br\/wp-content\/uploads\/2026\/03\/202603-noticias_transacao-tributaria-768x512.jpg 768w, https:\/\/varelas.com.br\/wp-content\/uploads\/2026\/03\/202603-noticias_transacao-tributaria.jpg 1500w\" sizes=\"(max-width: 300px) 100vw, 300px\" \/><\/div><\/a>\n\t\t\t\t<div class=\"elementor-post__text\">\n\t\t\t\t<h3 class=\"elementor-post__title\">\n\t\t\t<a href=\"https:\/\/varelas.com.br\/index.php\/2026\/03\/10\/transacao-tributaria-fique-atento-e-consiga-ate-30-de-reducao-de-dividas-ativas-da-uniao\/\" >\n\t\t\t\tTransa\u00e7\u00e3o Tribut\u00e1ria: fique atento e consiga at\u00e9 30% de redu\u00e7\u00e3o de D\u00edvidas Ativas da Uni\u00e3o!\t\t\t<\/a>\n\t\t<\/h3>\n\t\t\t\t\t<div class=\"elementor-post__read-more-wrapper\">\n\t\t\n\t\t<a class=\"elementor-post__read-more\" href=\"https:\/\/varelas.com.br\/index.php\/2026\/03\/10\/transacao-tributaria-fique-atento-e-consiga-ate-30-de-reducao-de-dividas-ativas-da-uniao\/\" aria-label=\"Leia mais sobre Transa\u00e7\u00e3o Tribut\u00e1ria: fique atento e consiga at\u00e9 30% de redu\u00e7\u00e3o de D\u00edvidas Ativas da Uni\u00e3o!\" tabindex=\"-1\" >\n\t\t\tLeia mais \u00bb\t\t<\/a>\n\n\t\t\t\t\t<\/div>\n\t\t\t\t<\/div>\n\t\t\t\t\t<\/div>\n\t\t<\/article>\n\t\t\t\t<article class=\"elementor-post elementor-grid-item post-393 post type-post status-publish format-standard has-post-thumbnail hentry category-uncategorized\" role=\"listitem\">\n\t\t\t<div class=\"elementor-post__card\">\n\t\t\t\t<a class=\"elementor-post__thumbnail__link\" href=\"https:\/\/varelas.com.br\/index.php\/2025\/12\/11\/cidadania-portuguesa-quem-tem-direito-e-como-conseguir\/\" tabindex=\"-1\" ><div class=\"elementor-post__thumbnail\"><img decoding=\"async\" width=\"300\" height=\"200\" src=\"https:\/\/varelas.com.br\/wp-content\/uploads\/2025\/12\/202512-noticias_cidadaniaportuguesa-comoconseguir.avif\" class=\"attachment-medium size-medium wp-image-395\" alt=\"\" \/><\/div><\/a>\n\t\t\t\t<div class=\"elementor-post__text\">\n\t\t\t\t<h3 class=\"elementor-post__title\">\n\t\t\t<a href=\"https:\/\/varelas.com.br\/index.php\/2025\/12\/11\/cidadania-portuguesa-quem-tem-direito-e-como-conseguir\/\" >\n\t\t\t\tCidadania Portuguesa: Quem Tem Direito e Como Conseguir\t\t\t<\/a>\n\t\t<\/h3>\n\t\t\t\t\t<div class=\"elementor-post__read-more-wrapper\">\n\t\t\n\t\t<a class=\"elementor-post__read-more\" href=\"https:\/\/varelas.com.br\/index.php\/2025\/12\/11\/cidadania-portuguesa-quem-tem-direito-e-como-conseguir\/\" aria-label=\"Leia mais sobre Cidadania Portuguesa: Quem Tem Direito e Como Conseguir\" tabindex=\"-1\" >\n\t\t\tLeia mais \u00bb\t\t<\/a>\n\n\t\t\t\t\t<\/div>\n\t\t\t\t<\/div>\n\t\t\t\t\t<\/div>\n\t\t<\/article>\n\t\t\t\t<article class=\"elementor-post elementor-grid-item post-231 post type-post status-publish format-standard has-post-thumbnail hentry category-uncategorized\" role=\"listitem\">\n\t\t\t<div class=\"elementor-post__card\">\n\t\t\t\t<a class=\"elementor-post__thumbnail__link\" href=\"https:\/\/varelas.com.br\/index.php\/2025\/12\/10\/esg-transforma-compras-publicas-e-fortalece-governanca-no-brasil\/\" tabindex=\"-1\" ><div class=\"elementor-post__thumbnail\"><img loading=\"lazy\" decoding=\"async\" width=\"300\" height=\"169\" src=\"https:\/\/varelas.com.br\/wp-content\/uploads\/2025\/12\/202512-noticias_varelasadvogados-ESG-300x169.jpeg\" class=\"attachment-medium size-medium wp-image-232\" alt=\"\" srcset=\"https:\/\/varelas.com.br\/wp-content\/uploads\/2025\/12\/202512-noticias_varelasadvogados-ESG-300x169.jpeg 300w, https:\/\/varelas.com.br\/wp-content\/uploads\/2025\/12\/202512-noticias_varelasadvogados-ESG-1024x576.jpeg 1024w, https:\/\/varelas.com.br\/wp-content\/uploads\/2025\/12\/202512-noticias_varelasadvogados-ESG-768x432.jpeg 768w, https:\/\/varelas.com.br\/wp-content\/uploads\/2025\/12\/202512-noticias_varelasadvogados-ESG.jpeg 1200w\" sizes=\"(max-width: 300px) 100vw, 300px\" \/><\/div><\/a>\n\t\t\t\t<div class=\"elementor-post__text\">\n\t\t\t\t<h3 class=\"elementor-post__title\">\n\t\t\t<a href=\"https:\/\/varelas.com.br\/index.php\/2025\/12\/10\/esg-transforma-compras-publicas-e-fortalece-governanca-no-brasil\/\" >\n\t\t\t\tESG transforma compras p\u00fablicas e fortalece governan\u00e7a no Brasil\t\t\t<\/a>\n\t\t<\/h3>\n\t\t\t\t\t<div class=\"elementor-post__read-more-wrapper\">\n\t\t\n\t\t<a class=\"elementor-post__read-more\" href=\"https:\/\/varelas.com.br\/index.php\/2025\/12\/10\/esg-transforma-compras-publicas-e-fortalece-governanca-no-brasil\/\" aria-label=\"Leia mais sobre ESG transforma compras p\u00fablicas e fortalece governan\u00e7a no Brasil\" tabindex=\"-1\" >\n\t\t\tLeia mais \u00bb\t\t<\/a>\n\n\t\t\t\t\t<\/div>\n\t\t\t\t<\/div>\n\t\t\t\t\t<\/div>\n\t\t<\/article>\n\t\t\t\t<article class=\"elementor-post elementor-grid-item post-226 post type-post status-publish format-standard has-post-thumbnail hentry category-uncategorized\" role=\"listitem\">\n\t\t\t<div class=\"elementor-post__card\">\n\t\t\t\t<a class=\"elementor-post__thumbnail__link\" href=\"https:\/\/varelas.com.br\/index.php\/2025\/12\/10\/veja-o-que-muda-nas-notas-fiscais-com-a-reforma-tributaria-em-2026\/\" tabindex=\"-1\" ><div class=\"elementor-post__thumbnail\"><img loading=\"lazy\" decoding=\"async\" width=\"300\" height=\"157\" src=\"https:\/\/varelas.com.br\/wp-content\/uploads\/2025\/12\/202512-noticias_varelasadvogados-REFORMATRIBUTARIA-300x157.webp\" class=\"attachment-medium size-medium wp-image-227\" alt=\"\" srcset=\"https:\/\/varelas.com.br\/wp-content\/uploads\/2025\/12\/202512-noticias_varelasadvogados-REFORMATRIBUTARIA-300x157.webp 300w, https:\/\/varelas.com.br\/wp-content\/uploads\/2025\/12\/202512-noticias_varelasadvogados-REFORMATRIBUTARIA-1024x536.webp 1024w, https:\/\/varelas.com.br\/wp-content\/uploads\/2025\/12\/202512-noticias_varelasadvogados-REFORMATRIBUTARIA-768x402.webp 768w, https:\/\/varelas.com.br\/wp-content\/uploads\/2025\/12\/202512-noticias_varelasadvogados-REFORMATRIBUTARIA.webp 1200w\" sizes=\"(max-width: 300px) 100vw, 300px\" \/><\/div><\/a>\n\t\t\t\t<div class=\"elementor-post__text\">\n\t\t\t\t<h3 class=\"elementor-post__title\">\n\t\t\t<a href=\"https:\/\/varelas.com.br\/index.php\/2025\/12\/10\/veja-o-que-muda-nas-notas-fiscais-com-a-reforma-tributaria-em-2026\/\" >\n\t\t\t\tVeja o que muda nas notas fiscais com a reforma tribut\u00e1ria em 2026\t\t\t<\/a>\n\t\t<\/h3>\n\t\t\t\t\t<div class=\"elementor-post__read-more-wrapper\">\n\t\t\n\t\t<a class=\"elementor-post__read-more\" href=\"https:\/\/varelas.com.br\/index.php\/2025\/12\/10\/veja-o-que-muda-nas-notas-fiscais-com-a-reforma-tributaria-em-2026\/\" aria-label=\"Leia mais sobre Veja o que muda nas notas fiscais com a reforma tribut\u00e1ria em 2026\" tabindex=\"-1\" >\n\t\t\tLeia mais \u00bb\t\t<\/a>\n\n\t\t\t\t\t<\/div>\n\t\t\t\t<\/div>\n\t\t\t\t\t<\/div>\n\t\t<\/article>\n\t\t\t\t<article class=\"elementor-post elementor-grid-item post-210 post type-post status-publish format-standard has-post-thumbnail hentry category-uncategorized\" role=\"listitem\">\n\t\t\t<div class=\"elementor-post__card\">\n\t\t\t\t<a class=\"elementor-post__thumbnail__link\" href=\"https:\/\/varelas.com.br\/index.php\/2025\/12\/10\/portugal-aprova-nova-lei-de-nacionalidade-cidadania-portuguesa-e-limitada-para-descendentes-e-estrangeiros\/\" tabindex=\"-1\" ><div class=\"elementor-post__thumbnail\"><img loading=\"lazy\" decoding=\"async\" width=\"300\" height=\"200\" src=\"https:\/\/varelas.com.br\/wp-content\/uploads\/2025\/12\/202512-noticias_varelasadvogados-CIDANIAPORTUGUESA-300x200.jpg\" class=\"attachment-medium size-medium wp-image-211\" alt=\"\" srcset=\"https:\/\/varelas.com.br\/wp-content\/uploads\/2025\/12\/202512-noticias_varelasadvogados-CIDANIAPORTUGUESA-300x200.jpg 300w, https:\/\/varelas.com.br\/wp-content\/uploads\/2025\/12\/202512-noticias_varelasadvogados-CIDANIAPORTUGUESA-1024x683.jpg 1024w, https:\/\/varelas.com.br\/wp-content\/uploads\/2025\/12\/202512-noticias_varelasadvogados-CIDANIAPORTUGUESA-768x512.jpg 768w, https:\/\/varelas.com.br\/wp-content\/uploads\/2025\/12\/202512-noticias_varelasadvogados-CIDANIAPORTUGUESA-1536x1024.jpg 1536w, https:\/\/varelas.com.br\/wp-content\/uploads\/2025\/12\/202512-noticias_varelasadvogados-CIDANIAPORTUGUESA-2048x1366.jpg 2048w\" sizes=\"(max-width: 300px) 100vw, 300px\" \/><\/div><\/a>\n\t\t\t\t<div class=\"elementor-post__text\">\n\t\t\t\t<h3 class=\"elementor-post__title\">\n\t\t\t<a href=\"https:\/\/varelas.com.br\/index.php\/2025\/12\/10\/portugal-aprova-nova-lei-de-nacionalidade-cidadania-portuguesa-e-limitada-para-descendentes-e-estrangeiros\/\" >\n\t\t\t\tPortugal aprova nova lei de nacionalidade; cidadania portuguesa \u00e9 limitada para descendentes e estrangeiros\t\t\t<\/a>\n\t\t<\/h3>\n\t\t\t\t\t<div class=\"elementor-post__read-more-wrapper\">\n\t\t\n\t\t<a class=\"elementor-post__read-more\" href=\"https:\/\/varelas.com.br\/index.php\/2025\/12\/10\/portugal-aprova-nova-lei-de-nacionalidade-cidadania-portuguesa-e-limitada-para-descendentes-e-estrangeiros\/\" aria-label=\"Leia mais sobre Portugal aprova nova lei de nacionalidade; cidadania portuguesa \u00e9 limitada para descendentes e estrangeiros\" tabindex=\"-1\" >\n\t\t\tLeia mais \u00bb\t\t<\/a>\n\n\t\t\t\t\t<\/div>\n\t\t\t\t<\/div>\n\t\t\t\t\t<\/div>\n\t\t<\/article>\n\t\t\t\t<\/div>\n\t\t\n\t\t\t\t\t\t<\/div>\n\t\t\t\t<\/div>\n\t\t\t\t\t<\/div>\n\t\t\t\t<\/div>\n\t\t\t\t<\/div>\n\t\t","protected":false},"excerpt":{"rendered":"","protected":false},"author":2,"featured_media":0,"parent":0,"menu_order":0,"comment_status":"closed","ping_status":"closed","template":"","meta":{"footnotes":""},"class_list":["post-368","page","type-page","status-publish","hentry"],"yoast_head":"<!-- This site is optimized with the Yoast SEO plugin v26.9 - https:\/\/yoast.com\/product\/yoast-seo-wordpress\/ -->\n<title>Newsletter - Varelas Advogados Associados<\/title>\n<meta name=\"robots\" content=\"index, follow, max-snippet:-1, max-image-preview:large, max-video-preview:-1\" \/>\n<link rel=\"canonical\" href=\"https:\/\/varelas.com.br\/index.php\/newsletter\/\" \/>\n<meta property=\"og:locale\" content=\"pt_BR\" \/>\n<meta property=\"og:type\" content=\"article\" \/>\n<meta property=\"og:title\" content=\"Newsletter - Varelas Advogados Associados\" \/>\n<meta property=\"og:url\" content=\"https:\/\/varelas.com.br\/index.php\/newsletter\/\" \/>\n<meta property=\"og:site_name\" content=\"Varelas Advogados Associados\" \/>\n<meta property=\"article:publisher\" content=\"https:\/\/www.facebook.com\/profile.php?id=100094044020224\" \/>\n<meta property=\"article:modified_time\" content=\"2026-03-10T15:05:06+00:00\" \/>\n<meta name=\"twitter:card\" content=\"summary_large_image\" \/>\n<meta name=\"twitter:label1\" content=\"Est. tempo de leitura\" \/>\n\t<meta name=\"twitter:data1\" content=\"2 minutos\" \/>\n<script type=\"application\/ld+json\" class=\"yoast-schema-graph\">{\"@context\":\"https:\/\/schema.org\",\"@graph\":[{\"@type\":\"WebPage\",\"@id\":\"https:\/\/varelas.com.br\/index.php\/newsletter\/\",\"url\":\"https:\/\/varelas.com.br\/index.php\/newsletter\/\",\"name\":\"Newsletter - Varelas Advogados Associados\",\"isPartOf\":{\"@id\":\"https:\/\/varelas.com.br\/#website\"},\"datePublished\":\"2025-12-11T15:07:43+00:00\",\"dateModified\":\"2026-03-10T15:05:06+00:00\",\"breadcrumb\":{\"@id\":\"https:\/\/varelas.com.br\/index.php\/newsletter\/#breadcrumb\"},\"inLanguage\":\"pt-BR\",\"potentialAction\":[{\"@type\":\"ReadAction\",\"target\":[\"https:\/\/varelas.com.br\/index.php\/newsletter\/\"]}]},{\"@type\":\"BreadcrumbList\",\"@id\":\"https:\/\/varelas.com.br\/index.php\/newsletter\/#breadcrumb\",\"itemListElement\":[{\"@type\":\"ListItem\",\"position\":1,\"name\":\"In\u00edcio\",\"item\":\"https:\/\/varelas.com.br\/\"},{\"@type\":\"ListItem\",\"position\":2,\"name\":\"Newsletter\"}]},{\"@type\":\"WebSite\",\"@id\":\"https:\/\/varelas.com.br\/#website\",\"url\":\"https:\/\/varelas.com.br\/\",\"name\":\"Varelas Advogados Associados\",\"description\":\"Assessoria &amp; Consultoria Jur\u00eddica Empresarial\",\"publisher\":{\"@id\":\"https:\/\/varelas.com.br\/#organization\"},\"potentialAction\":[{\"@type\":\"SearchAction\",\"target\":{\"@type\":\"EntryPoint\",\"urlTemplate\":\"https:\/\/varelas.com.br\/?s={search_term_string}\"},\"query-input\":{\"@type\":\"PropertyValueSpecification\",\"valueRequired\":true,\"valueName\":\"search_term_string\"}}],\"inLanguage\":\"pt-BR\"},{\"@type\":\"Organization\",\"@id\":\"https:\/\/varelas.com.br\/#organization\",\"name\":\"Varelas Advogados Associados\",\"url\":\"https:\/\/varelas.com.br\/\",\"logo\":{\"@type\":\"ImageObject\",\"inLanguage\":\"pt-BR\",\"@id\":\"https:\/\/varelas.com.br\/#\/schema\/logo\/image\/\",\"url\":\"https:\/\/varelas.com.br\/wp-content\/uploads\/2025\/09\/logo-varelas_advogadosassociados.png\",\"contentUrl\":\"https:\/\/varelas.com.br\/wp-content\/uploads\/2025\/09\/logo-varelas_advogadosassociados.png\",\"width\":1094,\"height\":330,\"caption\":\"Varelas Advogados Associados\"},\"image\":{\"@id\":\"https:\/\/varelas.com.br\/#\/schema\/logo\/image\/\"},\"sameAs\":[\"https:\/\/www.facebook.com\/profile.php?id=100094044020224\",\"https:\/\/www.instagram.com\/varelas.advogados\/\"]}]}<\/script>\n<!-- \/ Yoast SEO plugin. -->","yoast_head_json":{"title":"Newsletter - Varelas Advogados Associados","robots":{"index":"index","follow":"follow","max-snippet":"max-snippet:-1","max-image-preview":"max-image-preview:large","max-video-preview":"max-video-preview:-1"},"canonical":"https:\/\/varelas.com.br\/index.php\/newsletter\/","og_locale":"pt_BR","og_type":"article","og_title":"Newsletter - Varelas Advogados Associados","og_url":"https:\/\/varelas.com.br\/index.php\/newsletter\/","og_site_name":"Varelas Advogados Associados","article_publisher":"https:\/\/www.facebook.com\/profile.php?id=100094044020224","article_modified_time":"2026-03-10T15:05:06+00:00","twitter_card":"summary_large_image","twitter_misc":{"Est. tempo de leitura":"2 minutos"},"schema":{"@context":"https:\/\/schema.org","@graph":[{"@type":"WebPage","@id":"https:\/\/varelas.com.br\/index.php\/newsletter\/","url":"https:\/\/varelas.com.br\/index.php\/newsletter\/","name":"Newsletter - Varelas Advogados Associados","isPartOf":{"@id":"https:\/\/varelas.com.br\/#website"},"datePublished":"2025-12-11T15:07:43+00:00","dateModified":"2026-03-10T15:05:06+00:00","breadcrumb":{"@id":"https:\/\/varelas.com.br\/index.php\/newsletter\/#breadcrumb"},"inLanguage":"pt-BR","potentialAction":[{"@type":"ReadAction","target":["https:\/\/varelas.com.br\/index.php\/newsletter\/"]}]},{"@type":"BreadcrumbList","@id":"https:\/\/varelas.com.br\/index.php\/newsletter\/#breadcrumb","itemListElement":[{"@type":"ListItem","position":1,"name":"In\u00edcio","item":"https:\/\/varelas.com.br\/"},{"@type":"ListItem","position":2,"name":"Newsletter"}]},{"@type":"WebSite","@id":"https:\/\/varelas.com.br\/#website","url":"https:\/\/varelas.com.br\/","name":"Varelas Advogados Associados","description":"Assessoria &amp; Consultoria Jur\u00eddica Empresarial","publisher":{"@id":"https:\/\/varelas.com.br\/#organization"},"potentialAction":[{"@type":"SearchAction","target":{"@type":"EntryPoint","urlTemplate":"https:\/\/varelas.com.br\/?s={search_term_string}"},"query-input":{"@type":"PropertyValueSpecification","valueRequired":true,"valueName":"search_term_string"}}],"inLanguage":"pt-BR"},{"@type":"Organization","@id":"https:\/\/varelas.com.br\/#organization","name":"Varelas Advogados Associados","url":"https:\/\/varelas.com.br\/","logo":{"@type":"ImageObject","inLanguage":"pt-BR","@id":"https:\/\/varelas.com.br\/#\/schema\/logo\/image\/","url":"https:\/\/varelas.com.br\/wp-content\/uploads\/2025\/09\/logo-varelas_advogadosassociados.png","contentUrl":"https:\/\/varelas.com.br\/wp-content\/uploads\/2025\/09\/logo-varelas_advogadosassociados.png","width":1094,"height":330,"caption":"Varelas Advogados Associados"},"image":{"@id":"https:\/\/varelas.com.br\/#\/schema\/logo\/image\/"},"sameAs":["https:\/\/www.facebook.com\/profile.php?id=100094044020224","https:\/\/www.instagram.com\/varelas.advogados\/"]}]}},"_links":{"self":[{"href":"https:\/\/varelas.com.br\/index.php\/wp-json\/wp\/v2\/pages\/368","targetHints":{"allow":["GET"]}}],"collection":[{"href":"https:\/\/varelas.com.br\/index.php\/wp-json\/wp\/v2\/pages"}],"about":[{"href":"https:\/\/varelas.com.br\/index.php\/wp-json\/wp\/v2\/types\/page"}],"author":[{"embeddable":true,"href":"https:\/\/varelas.com.br\/index.php\/wp-json\/wp\/v2\/users\/2"}],"replies":[{"embeddable":true,"href":"https:\/\/varelas.com.br\/index.php\/wp-json\/wp\/v2\/comments?post=368"}],"version-history":[{"count":20,"href":"https:\/\/varelas.com.br\/index.php\/wp-json\/wp\/v2\/pages\/368\/revisions"}],"predecessor-version":[{"id":652,"href":"https:\/\/varelas.com.br\/index.php\/wp-json\/wp\/v2\/pages\/368\/revisions\/652"}],"wp:attachment":[{"href":"https:\/\/varelas.com.br\/index.php\/wp-json\/wp\/v2\/media?parent=368"}],"curies":[{"name":"wp","href":"https:\/\/api.w.org\/{rel}","templated":true}]}}